{"id":1335,"date":"2018-07-16T14:05:31","date_gmt":"2018-07-16T12:05:31","guid":{"rendered":"https:\/\/compose.nl\/?page_id=1335"},"modified":"2023-01-04T10:23:07","modified_gmt":"2023-01-04T09:23:07","slug":"home-3","status":"publish","type":"page","link":"https:\/\/compose.nl\/de\/","title":{"rendered":"Home"},"content":{"rendered":"","protected":false},"excerpt":{"rendered":"","protected":false},"author":1,"featured_media":0,"parent":0,"menu_order":0,"comment_status":"closed","ping_status":"closed","template":"templates\/home.php","meta":[],"acf":[],"yoast_head":"<!-- This site is optimized with the Yoast SEO plugin v19.14 - https:\/\/yoast.com\/wordpress\/plugins\/seo\/ -->\n<title>Beratung zu Glasfaserl\u00f6sungen? - Compose<\/title>\n<meta name=\"description\" content=\"Compose ist seit 1991 mit fortschrittlichen Konnektivit\u00e4tsl\u00f6sungen aktiv, wobei der Schwerpunkt auf innovativen Glasfaserl\u00f6sungen liegt. Wir haben 3 Spezialit\u00e4ten: Telekommunikation, Rechenzentren und Enterprise. Jeder mit seinem eigenen engagierten Team.\" \/>\n<meta name=\"robots\" content=\"index, follow, max-snippet:-1, max-image-preview:large, max-video-preview:-1\" \/>\n<link rel=\"canonical\" href=\"https:\/\/compose.nl\/de\/\" \/>\n<meta property=\"og:locale\" content=\"de_DE\" \/>\n<meta property=\"og:type\" content=\"article\" \/>\n<meta property=\"og:title\" content=\"Beratung zu Glasfaserl\u00f6sungen? - Compose\" \/>\n<meta property=\"og:description\" content=\"Compose ist seit 1991 mit fortschrittlichen Konnektivit\u00e4tsl\u00f6sungen aktiv, wobei der Schwerpunkt auf innovativen Glasfaserl\u00f6sungen liegt. Wir haben 3 Spezialit\u00e4ten: Telekommunikation, Rechenzentren und Enterprise. Jeder mit seinem eigenen engagierten Team.\" \/>\n<meta property=\"og:url\" content=\"https:\/\/compose.nl\/de\/\" \/>\n<meta property=\"og:site_name\" content=\"Compose\" \/>\n<meta property=\"article:modified_time\" content=\"2023-01-04T09:23:07+00:00\" \/>\n<meta name=\"twitter:card\" content=\"summary_large_image\" \/>\n<script type=\"application\/ld+json\" class=\"yoast-schema-graph\">{\"@context\":\"https:\/\/schema.org\",\"@graph\":[{\"@type\":\"WebPage\",\"@id\":\"https:\/\/compose.nl\/de\/\",\"url\":\"https:\/\/compose.nl\/de\/\",\"name\":\"Beratung zu Glasfaserl\u00f6sungen? - Compose\",\"isPartOf\":{\"@id\":\"https:\/\/compose.nl\/de\/#website\"},\"datePublished\":\"2018-07-16T12:05:31+00:00\",\"dateModified\":\"2023-01-04T09:23:07+00:00\",\"description\":\"Compose ist seit 1991 mit fortschrittlichen Konnektivit\u00e4tsl\u00f6sungen aktiv, wobei der Schwerpunkt auf innovativen Glasfaserl\u00f6sungen liegt. Wir haben 3 Spezialit\u00e4ten: Telekommunikation, Rechenzentren und Enterprise. Jeder mit seinem eigenen engagierten Team.\",\"breadcrumb\":{\"@id\":\"https:\/\/compose.nl\/de\/#breadcrumb\"},\"inLanguage\":\"de\",\"potentialAction\":[{\"@type\":\"ReadAction\",\"target\":[\"https:\/\/compose.nl\/de\/\"]}]},{\"@type\":\"BreadcrumbList\",\"@id\":\"https:\/\/compose.nl\/de\/#breadcrumb\",\"itemListElement\":[{\"@type\":\"ListItem\",\"position\":1,\"name\":\"Home\",\"item\":\"https:\/\/compose.nl\/de\/\"},{\"@type\":\"ListItem\",\"position\":2,\"name\":\"Home\"}]},{\"@type\":\"WebSite\",\"@id\":\"https:\/\/compose.nl\/de\/#website\",\"url\":\"https:\/\/compose.nl\/de\/\",\"name\":\"Compose\",\"description\":\"\",\"potentialAction\":[{\"@type\":\"SearchAction\",\"target\":{\"@type\":\"EntryPoint\",\"urlTemplate\":\"https:\/\/compose.nl\/de\/?s={search_term_string}\"},\"query-input\":\"required name=search_term_string\"}],\"inLanguage\":\"de\"}]}<\/script>\n<!-- \/ Yoast SEO plugin. -->","yoast_head_json":{"title":"Beratung zu Glasfaserl\u00f6sungen? - Compose","description":"Compose ist seit 1991 mit fortschrittlichen Konnektivit\u00e4tsl\u00f6sungen aktiv, wobei der Schwerpunkt auf innovativen Glasfaserl\u00f6sungen liegt. Wir haben 3 Spezialit\u00e4ten: Telekommunikation, Rechenzentren und Enterprise. Jeder mit seinem eigenen engagierten Team.","robots":{"index":"index","follow":"follow","max-snippet":"max-snippet:-1","max-image-preview":"max-image-preview:large","max-video-preview":"max-video-preview:-1"},"canonical":"https:\/\/compose.nl\/de\/","og_locale":"de_DE","og_type":"article","og_title":"Beratung zu Glasfaserl\u00f6sungen? - Compose","og_description":"Compose ist seit 1991 mit fortschrittlichen Konnektivit\u00e4tsl\u00f6sungen aktiv, wobei der Schwerpunkt auf innovativen Glasfaserl\u00f6sungen liegt. Wir haben 3 Spezialit\u00e4ten: Telekommunikation, Rechenzentren und Enterprise. Jeder mit seinem eigenen engagierten Team.","og_url":"https:\/\/compose.nl\/de\/","og_site_name":"Compose","article_modified_time":"2023-01-04T09:23:07+00:00","twitter_card":"summary_large_image","schema":{"@context":"https:\/\/schema.org","@graph":[{"@type":"WebPage","@id":"https:\/\/compose.nl\/de\/","url":"https:\/\/compose.nl\/de\/","name":"Beratung zu Glasfaserl\u00f6sungen? - Compose","isPartOf":{"@id":"https:\/\/compose.nl\/de\/#website"},"datePublished":"2018-07-16T12:05:31+00:00","dateModified":"2023-01-04T09:23:07+00:00","description":"Compose ist seit 1991 mit fortschrittlichen Konnektivit\u00e4tsl\u00f6sungen aktiv, wobei der Schwerpunkt auf innovativen Glasfaserl\u00f6sungen liegt. Wir haben 3 Spezialit\u00e4ten: Telekommunikation, Rechenzentren und Enterprise. Jeder mit seinem eigenen engagierten Team.","breadcrumb":{"@id":"https:\/\/compose.nl\/de\/#breadcrumb"},"inLanguage":"de","potentialAction":[{"@type":"ReadAction","target":["https:\/\/compose.nl\/de\/"]}]},{"@type":"BreadcrumbList","@id":"https:\/\/compose.nl\/de\/#breadcrumb","itemListElement":[{"@type":"ListItem","position":1,"name":"Home","item":"https:\/\/compose.nl\/de\/"},{"@type":"ListItem","position":2,"name":"Home"}]},{"@type":"WebSite","@id":"https:\/\/compose.nl\/de\/#website","url":"https:\/\/compose.nl\/de\/","name":"Compose","description":"","potentialAction":[{"@type":"SearchAction","target":{"@type":"EntryPoint","urlTemplate":"https:\/\/compose.nl\/de\/?s={search_term_string}"},"query-input":"required name=search_term_string"}],"inLanguage":"de"}]}},"_links":{"self":[{"href":"https:\/\/compose.nl\/de\/wp-json\/wp\/v2\/pages\/1335"}],"collection":[{"href":"https:\/\/compose.nl\/de\/wp-json\/wp\/v2\/pages"}],"about":[{"href":"https:\/\/compose.nl\/de\/wp-json\/wp\/v2\/types\/page"}],"author":[{"embeddable":true,"href":"https:\/\/compose.nl\/de\/wp-json\/wp\/v2\/users\/1"}],"replies":[{"embeddable":true,"href":"https:\/\/compose.nl\/de\/wp-json\/wp\/v2\/comments?post=1335"}],"version-history":[{"count":0,"href":"https:\/\/compose.nl\/de\/wp-json\/wp\/v2\/pages\/1335\/revisions"}],"wp:attachment":[{"href":"https:\/\/compose.nl\/de\/wp-json\/wp\/v2\/media?parent=1335"}],"curies":[{"name":"wp","href":"https:\/\/api.w.org\/{rel}","templated":true}]}}