{"id":1762,"date":"2021-03-03T14:52:27","date_gmt":"2021-03-03T13:52:27","guid":{"rendered":"https:\/\/compose.nl\/?page_id=1762"},"modified":"2021-10-07T08:57:14","modified_gmt":"2021-10-07T06:57:14","slug":"breko_eg","status":"publish","type":"page","link":"https:\/\/compose.nl\/de\/breko_eg\/","title":{"rendered":"Breko EG"},"content":{"rendered":"","protected":false},"excerpt":{"rendered":"","protected":false},"author":1,"featured_media":1875,"parent":0,"menu_order":0,"comment_status":"closed","ping_status":"closed","template":"templates\/flex-content.php","meta":[],"acf":[],"yoast_head":"<!-- This site is optimized with the Yoast SEO plugin v19.14 - https:\/\/yoast.com\/wordpress\/plugins\/seo\/ -->\n<title>BREKO Einkaufsgemeinschaft - Compose<\/title>\n<meta name=\"description\" content=\"Compose arbeitet bereits mit mehreren gro\u00dfen Netzbetreibern im BREKO zusammen und ist als Lieferant von ODF-Komponenten und anderen L\u00f6sungen f\u00fcr den passiven oberirdischen Teil t\u00e4tig.\" \/>\n<meta name=\"robots\" content=\"index, follow, max-snippet:-1, max-image-preview:large, max-video-preview:-1\" \/>\n<link rel=\"canonical\" href=\"https:\/\/compose.nl\/de\/breko_eg\/\" \/>\n<meta property=\"og:locale\" content=\"de_DE\" \/>\n<meta property=\"og:type\" content=\"article\" \/>\n<meta property=\"og:title\" content=\"BREKO Einkaufsgemeinschaft - Compose\" \/>\n<meta property=\"og:description\" content=\"Compose arbeitet bereits mit mehreren gro\u00dfen Netzbetreibern im BREKO zusammen und ist als Lieferant von ODF-Komponenten und anderen L\u00f6sungen f\u00fcr den passiven oberirdischen Teil t\u00e4tig.\" \/>\n<meta property=\"og:url\" content=\"https:\/\/compose.nl\/de\/breko_eg\/\" \/>\n<meta property=\"og:site_name\" content=\"Compose\" \/>\n<meta property=\"article:modified_time\" content=\"2021-10-07T06:57:14+00:00\" \/>\n<meta property=\"og:image\" content=\"https:\/\/compose.nl\/wp-content\/uploads\/2021\/04\/Compose_Banner.jpg\" \/>\n\t<meta property=\"og:image:width\" content=\"1800\" \/>\n\t<meta property=\"og:image:height\" content=\"488\" \/>\n\t<meta property=\"og:image:type\" content=\"image\/jpeg\" \/>\n<meta name=\"twitter:card\" content=\"summary_large_image\" \/>\n<script type=\"application\/ld+json\" class=\"yoast-schema-graph\">{\"@context\":\"https:\/\/schema.org\",\"@graph\":[{\"@type\":\"WebPage\",\"@id\":\"https:\/\/compose.nl\/de\/breko_eg\/\",\"url\":\"https:\/\/compose.nl\/de\/breko_eg\/\",\"name\":\"BREKO Einkaufsgemeinschaft - Compose\",\"isPartOf\":{\"@id\":\"https:\/\/compose.nl\/de\/#website\"},\"datePublished\":\"2021-03-03T13:52:27+00:00\",\"dateModified\":\"2021-10-07T06:57:14+00:00\",\"description\":\"Compose arbeitet bereits mit mehreren gro\u00dfen Netzbetreibern im BREKO zusammen und ist als Lieferant von ODF-Komponenten und anderen L\u00f6sungen f\u00fcr den passiven oberirdischen Teil t\u00e4tig.\",\"breadcrumb\":{\"@id\":\"https:\/\/compose.nl\/de\/breko_eg\/#breadcrumb\"},\"inLanguage\":\"de\",\"potentialAction\":[{\"@type\":\"ReadAction\",\"target\":[\"https:\/\/compose.nl\/de\/breko_eg\/\"]}]},{\"@type\":\"BreadcrumbList\",\"@id\":\"https:\/\/compose.nl\/de\/breko_eg\/#breadcrumb\",\"itemListElement\":[{\"@type\":\"ListItem\",\"position\":1,\"name\":\"Home\",\"item\":\"https:\/\/compose.nl\/de\/\"},{\"@type\":\"ListItem\",\"position\":2,\"name\":\"Breko EG\"}]},{\"@type\":\"WebSite\",\"@id\":\"https:\/\/compose.nl\/de\/#website\",\"url\":\"https:\/\/compose.nl\/de\/\",\"name\":\"Compose\",\"description\":\"\",\"potentialAction\":[{\"@type\":\"SearchAction\",\"target\":{\"@type\":\"EntryPoint\",\"urlTemplate\":\"https:\/\/compose.nl\/de\/?s={search_term_string}\"},\"query-input\":\"required name=search_term_string\"}],\"inLanguage\":\"de\"}]}<\/script>\n<!-- \/ Yoast SEO plugin. -->","yoast_head_json":{"title":"BREKO Einkaufsgemeinschaft - Compose","description":"Compose arbeitet bereits mit mehreren gro\u00dfen Netzbetreibern im BREKO zusammen und ist als Lieferant von ODF-Komponenten und anderen L\u00f6sungen f\u00fcr den passiven oberirdischen Teil t\u00e4tig.","robots":{"index":"index","follow":"follow","max-snippet":"max-snippet:-1","max-image-preview":"max-image-preview:large","max-video-preview":"max-video-preview:-1"},"canonical":"https:\/\/compose.nl\/de\/breko_eg\/","og_locale":"de_DE","og_type":"article","og_title":"BREKO Einkaufsgemeinschaft - Compose","og_description":"Compose arbeitet bereits mit mehreren gro\u00dfen Netzbetreibern im BREKO zusammen und ist als Lieferant von ODF-Komponenten und anderen L\u00f6sungen f\u00fcr den passiven oberirdischen Teil t\u00e4tig.","og_url":"https:\/\/compose.nl\/de\/breko_eg\/","og_site_name":"Compose","article_modified_time":"2021-10-07T06:57:14+00:00","og_image":[{"width":1800,"height":488,"url":"https:\/\/compose.nl\/wp-content\/uploads\/2021\/04\/Compose_Banner.jpg","type":"image\/jpeg"}],"twitter_card":"summary_large_image","schema":{"@context":"https:\/\/schema.org","@graph":[{"@type":"WebPage","@id":"https:\/\/compose.nl\/de\/breko_eg\/","url":"https:\/\/compose.nl\/de\/breko_eg\/","name":"BREKO Einkaufsgemeinschaft - Compose","isPartOf":{"@id":"https:\/\/compose.nl\/de\/#website"},"datePublished":"2021-03-03T13:52:27+00:00","dateModified":"2021-10-07T06:57:14+00:00","description":"Compose arbeitet bereits mit mehreren gro\u00dfen Netzbetreibern im BREKO zusammen und ist als Lieferant von ODF-Komponenten und anderen L\u00f6sungen f\u00fcr den passiven oberirdischen Teil t\u00e4tig.","breadcrumb":{"@id":"https:\/\/compose.nl\/de\/breko_eg\/#breadcrumb"},"inLanguage":"de","potentialAction":[{"@type":"ReadAction","target":["https:\/\/compose.nl\/de\/breko_eg\/"]}]},{"@type":"BreadcrumbList","@id":"https:\/\/compose.nl\/de\/breko_eg\/#breadcrumb","itemListElement":[{"@type":"ListItem","position":1,"name":"Home","item":"https:\/\/compose.nl\/de\/"},{"@type":"ListItem","position":2,"name":"Breko EG"}]},{"@type":"WebSite","@id":"https:\/\/compose.nl\/de\/#website","url":"https:\/\/compose.nl\/de\/","name":"Compose","description":"","potentialAction":[{"@type":"SearchAction","target":{"@type":"EntryPoint","urlTemplate":"https:\/\/compose.nl\/de\/?s={search_term_string}"},"query-input":"required name=search_term_string"}],"inLanguage":"de"}]}},"_links":{"self":[{"href":"https:\/\/compose.nl\/de\/wp-json\/wp\/v2\/pages\/1762"}],"collection":[{"href":"https:\/\/compose.nl\/de\/wp-json\/wp\/v2\/pages"}],"about":[{"href":"https:\/\/compose.nl\/de\/wp-json\/wp\/v2\/types\/page"}],"author":[{"embeddable":true,"href":"https:\/\/compose.nl\/de\/wp-json\/wp\/v2\/users\/1"}],"replies":[{"embeddable":true,"href":"https:\/\/compose.nl\/de\/wp-json\/wp\/v2\/comments?post=1762"}],"version-history":[{"count":0,"href":"https:\/\/compose.nl\/de\/wp-json\/wp\/v2\/pages\/1762\/revisions"}],"wp:featuredmedia":[{"embeddable":true,"href":"https:\/\/compose.nl\/de\/wp-json\/wp\/v2\/media\/1875"}],"wp:attachment":[{"href":"https:\/\/compose.nl\/de\/wp-json\/wp\/v2\/media?parent=1762"}],"curies":[{"name":"wp","href":"https:\/\/api.w.org\/{rel}","templated":true}]}}